{"id":92,"date":"2019-03-14T13:12:24","date_gmt":"2019-03-14T12:12:24","guid":{"rendered":"https:\/\/diffringfoundation.com.web6.webflow.de\/?page_id=92"},"modified":"2025-01-24T15:13:55","modified_gmt":"2025-01-24T14:13:55","slug":"werk","status":"publish","type":"page","link":"https:\/\/www.diffringfoundation.com\/","title":{"rendered":"Werk"},"content":{"rendered":"<div class=\"wp-block-image\">\n<figure class=\"aligncenter size-large\"><img loading=\"lazy\" decoding=\"async\" width=\"150\" height=\"150\" src=\"https:\/\/www.diffringfoundation.com\/wp-content\/uploads\/2022\/10\/JDC_Logo_small.jpg\" alt=\"\" class=\"wp-image-580\"\/><\/figure>\n<\/div>\n\n\nngg_shortcode_0_placeholder\n\n\n\n<figure class=\"wp-block-table alignleft\"><table><tbody><tr><td><strong>L\u2019\u0152il Int\u00e9rieur<br><\/strong> Saisir l\u2019esprit,<br> la beaut\u00e9 int\u00e9rieure<br> Exprimer l\u2019homme<br> derri\u00e8re son visage<br> Le grand r\u00e9servoir des pens\u00e9es<\/td><td><strong>Das Innere Auge<\/strong><br>Den Geist erfassen,<br>die innere Sch\u00f6nheit<br>Den Menschen darstellen,<br>der hinter dem Gesicht ist<br>Das grosse Reservoir der Gedanken<\/td><td><strong>The Inner Eye<\/strong><br>To grasp the spirit,<br>the inner beauty<br>To show the man<br>behind the face<br>The great reservoir of thoughts<\/td><\/tr><tr><td><strong>Signes d\u2019Ombre<\/strong><br>L\u2019homme construit des murs<br>pour \u00eatre \u00e0 l\u2019abri des choses<br>qu\u2019il ne conna\u00eet pas et<br>qui lui font peur.<br>Il s\u2019enferme dans une vie<br>qui n\u2019est pas la sienne<br>Cherche la solution dans sa<br>propre nature<\/td><td><strong>Schattenzeichen<\/strong><br>Mauern um sich bauen,<br>sch\u00fctzend vor den Dingen,<br>die man nicht kennt,<br>die Angst machen<br>Sich einschliessen in ein Leben,<br>das nicht das eigene ist<br>L\u00f6sung in der eigenen Natur suchen<\/td><td><strong>Shadow Signs<\/strong><br>To build walls around yourself<br>to protect you from things<br>that you do not know,<br>that make you afraid<br>To be locked up in a life<br>that is not your own<br>To look for the solution<br>in your own nature<\/td><\/tr><tr><td><strong>Recherche<br>Sur Un \u00c9quilibre Latent<\/strong><br>Trouver des aspects diff\u00e9rents<br>pour s\u2019 harmoniser soi-m\u00eame<br>Rencontrer l\u2019unit\u00e9 de la<br>cr\u00e9ation dans la divergence<\/td><td><strong>Suche nach<br>einem verborgenen Gleichgewicht<\/strong><br>Verschiedene Aspekte finden,<br>sich selbst zu harmonisieren<br>Die Einheit der Sch\u00f6pfung in ihrer<br>Mannigfaltigkeit erfahren<\/td><td><strong>Searching for<br>a Latent Equilibrium<\/strong><br>To find different aspects,<br>to create harmony within yourself<br>To experience the unity of creation<br>in its diversity<\/td><\/tr><tr><td><strong>D\u00e9sir De Recevoir<\/strong><br>D\u00e9sir d\u2019aller plus loin<br>D\u2019aller \u00e0 la rencontre<br>de la cr\u00e9ation<br>et de la reconna\u00eetre<br>\u00catre contemplative &#8211;<br>sens profond de la vie.<\/td><td><strong>Das Verlangen zu Empfangen<\/strong><br>Der Wunsch,<br>sich weiter zu entwickeln<br>Der Sch\u00f6pfung begegnen und sie<br>erkennen.<br>Kontemplativ sein &#8211;<br>wahrer Sinn des Lebens<\/td><td><strong>Desire to Receive<\/strong><br>The wish<br>to develop further<br>To encounter creation<br>and to recognize it<br>To be contemplative &#8211;<br>the true meaning of life.<\/td><\/tr><tr><td><strong>Les Dieux Ou<br>l\u2019Architecture Sculpturale<\/strong><br>Se charger d\u2019\u00e9nergie<br>Habiter la puissance.<\/td><td><strong>G\u00f6tter oder<br>skulpturale Architektur<\/strong><br>Energie aufladen<br>Kraft bewohnen.<\/td><td><strong>Gods or<br>Sculptural Architecture<\/strong><br>To charge up on energy<br>To inhabit power<\/td><\/tr><tr><td><strong>Les Monstres Ou Les Idoles&nbsp;<\/strong><br>Consid\u00e9rer<br>leur ardeur,<br>leur enthousiasme, leur passion<br>Reconna\u00eetre les diff\u00e9rences <br>et les ressemblances<\/td><td><strong>Ungeheuer oder Idole<\/strong><br>Ihren gl\u00fchenden<br>Eifer w\u00fcrdigen,<br>ihre Begeisterung, ihre Leidenschaft<br>Unterschiede anerkennen &#8211;<br>und Gemeinsamkeiten<\/td><td><strong>Monsters or Idols<\/strong><br>To contemplate<br>their glowing ardour,<br>their enthusiasm, their passion<br>To recognize differences &#8211;<br>and similarities<\/td><\/tr><tr><td><strong>Variations Sur<br>Les Petites Idoles<\/strong><br>Scruter les variations des Idoles<br>Approfondir leur ambiguit\u00e9<br>Aspirer \u00e0 vivre<br>la dualit\u00e9 assimile<\/td><td><strong>Variationen \u00fcber<br>die kleinen Idole<\/strong><br>Die Variationen der Idole ergr\u00fcnden<br>Intensivieren ihres Doppelsinns<br>Assimilierte Dualit\u00e4t<br>mit Leben erf\u00fcllen<br><br><\/td><td><strong>Variations<br>on little idols<\/strong><br>Explore the variations of idols<br>Intensify their ambiguities<br>Animate<br>assimilated dualities<\/td><\/tr><tr><td><strong>\u00catre \u00c0 L\u2019\u00c9coute<\/strong><br>Dresser le corps vers l\u2019\u00e9coute<br>Une tentative d\u2019habiter<br>en dehors de soi-m\u00eame<br>D\u00e9voiler de nouvelles<br>sensations et les ressentir<br><br><\/td><td><strong>Aufhorchen<\/strong><br>Den K\u00f6rper zum Aufhorchen zwingen<br>Versuch,<br>ein anderes Ich zu leben<br>Neue Empfindungen<br>entdecken und erf\u00fchlen<\/td><td><strong>Listening<\/strong><br>To force the body to pay attention<br>An attempt<br>to live outside oneself<br>To discover new sensations<br>and learn to feel them<\/td><\/tr><tr><td><strong>S\u2019enraciner<\/strong><br>\u00catre attach\u00e9<br>Prendre conscience de<br>son emprisonnement<\/td><td><strong>Verwurzelt sein<\/strong><br>Gebunden sein<br>Sich der Eingeschlossenheit<br>bewusst werden<\/td><td><strong>Being Rooted<\/strong><br>To be attached<br>To become aware<br>of being imprisoned<br><br><\/td><\/tr><tr><td><strong>M\u00e9moire<\/strong><br>Poids du pass\u00e9<br>Connaissance du pass\u00e9<br>Se souvenir ou oublier<br>Nier le pass\u00e9<br>Vivre avec<\/td><td><strong>Ged\u00e4chtnis<\/strong><br>Last der Vergangenheit<br>Erkennen der Vergangenheit<br>Sich erinnern &#8211; oder vergessen<br>Die Vergangenheit leugnen<br>Damit leben<\/td><td><strong>Memory<\/strong><br>The burden of the past<br>The recognition of the past<br>To remember &#8211; or forget<br>To repudiate the past<br>To live with it<\/td><\/tr><tr><td><strong>Sans regard<\/strong><br>S\u2018echapper de l\u2018exterieur<br>Cr\u00e9er une distance<br>S\u2018enfermer<br>Etre indifferent<\/td><td><strong>Ohne Beziehung<\/strong><br>Der Aussenwelt entfliehen<br>Abstand nehmen<br>Sich verschliessen<br>Teilnahmslos<\/td><td><strong>Without regard<\/strong><br>Deliate exterieur<br>Create a distance<br>Being confined<br>Being indifferent<\/td><\/tr><tr><td><strong>P\u00e9netrer<\/strong><br>Explorer l\u2019inconnue<br>Suivre son intuition<br>Approfondir la pens\u00e9e<br>Stimuler l\u2019imagination<\/td><td><strong>Eindringen<\/strong><br>Erforschen des Unbekannten<br>Der Intuition folgen<br>Vertiefung der Gedanken<br>Fantasie erweitern<\/td><td><strong>Penetration<\/strong><br>Explore the unknown<br>Follow your intuition<br>Deepen understanding<br>Intensify imagination<\/td><\/tr><tr><td><strong>Le Cri<\/strong><br>Exprimer les blessures<br>Se deliverer des ombres<br>Se liberer de tout<\/td><td><strong>Der Schrei<\/strong><br>Wunden darstellen<br>Sich von Schatten befreien<br>Sich von allem trennen<\/td><td><strong>Shriek<\/strong><br>Vocalisation of injuries<br>Release of defences<br>Liberation of everything<\/td><\/tr><tr><td><strong>Vers la fin<\/strong><br>Se d\u00e9tacher du corps<br>Affronter la conclusion<br>Abandoner l\u2018existance<br>S\u2018eloingner<\/td><td><strong>Dem Ende zu<\/strong><br>Vom K\u00f6rper trennen<br>Sich mit Tatsachen abfinden<br>Existenz aufgeben<br>Sich entfernen<\/td><td><strong>Drawing to a close<\/strong><br>Separation of the body<br>Face the conclusion<br>Surrender the existence<br>Enter into nothingness<br><\/td><\/tr><\/tbody><\/table><\/figure>\n\n\n\n<h2 class=\"wp-block-heading\"><em>Weiter<strong>e Themen:<\/strong> <\/em>Der Innere Klang, Geheime Gef\u00fchle, Auslegung des Gedankens, Innere Spaltung, Statische Gedanken absto\u00dfen, Opening, Fallen Statue, Looking through, Confluentia&#8230;  <\/h2>\n\n\n\n<p><\/p>\n","protected":false},"excerpt":{"rendered":"<p>L\u2019\u0152il Int\u00e9rieur Saisir l\u2019esprit, la beaut\u00e9 int\u00e9rieure Exprimer l\u2019homme derri\u00e8re son visage Le grand r\u00e9servoir des pens\u00e9es Das Innere AugeDen[&#8230;]<\/p>\n","protected":false},"author":1,"featured_media":0,"parent":0,"menu_order":1,"comment_status":"closed","ping_status":"closed","template":"","meta":{"ngg_post_thumbnail":0,"footnotes":""},"class_list":["post-92","page","type-page","status-publish","hentry"],"_links":{"self":[{"href":"https:\/\/www.diffringfoundation.com\/index.php?rest_route=\/wp\/v2\/pages\/92","targetHints":{"allow":["GET"]}}],"collection":[{"href":"https:\/\/www.diffringfoundation.com\/index.php?rest_route=\/wp\/v2\/pages"}],"about":[{"href":"https:\/\/www.diffringfoundation.com\/index.php?rest_route=\/wp\/v2\/types\/page"}],"author":[{"embeddable":true,"href":"https:\/\/www.diffringfoundation.com\/index.php?rest_route=\/wp\/v2\/users\/1"}],"replies":[{"embeddable":true,"href":"https:\/\/www.diffringfoundation.com\/index.php?rest_route=%2Fwp%2Fv2%2Fcomments&post=92"}],"version-history":[{"count":19,"href":"https:\/\/www.diffringfoundation.com\/index.php?rest_route=\/wp\/v2\/pages\/92\/revisions"}],"predecessor-version":[{"id":684,"href":"https:\/\/www.diffringfoundation.com\/index.php?rest_route=\/wp\/v2\/pages\/92\/revisions\/684"}],"wp:attachment":[{"href":"https:\/\/www.diffringfoundation.com\/index.php?rest_route=%2Fwp%2Fv2%2Fmedia&parent=92"}],"curies":[{"name":"wp","href":"https:\/\/api.w.org\/{rel}","templated":true}]}}