{"id":121,"date":"2019-03-14T14:04:53","date_gmt":"2019-03-14T13:04:53","guid":{"rendered":"https:\/\/diffringfoundation.com.web6.webflow.de\/?page_id=121"},"modified":"2022-11-03T19:15:48","modified_gmt":"2022-11-03T18:15:48","slug":"impressum","status":"publish","type":"page","link":"https:\/\/www.diffringfoundation.com\/?page_id=121","title":{"rendered":"Impressum"},"content":{"rendered":"\n<p><strong>Mittelrhein-Museum Koblenz<\/strong><br><strong>Jacqueline Diffring Collection<\/strong><br>Direktor: Dr. Matthias von der Bank<br>Zentralplatz 1<br>56068 Koblenz<br>matthias.vonderbank@stadt.koblenz.de<br>Tel. 0261 129-2501<br><br>Kontakt: Isabell Waldorf<br>Tel. 0261 129-2503<br>Isabell.waldorf@stadt.koblenz.de<\/p>\n\n\n\n<p><a href=\"http:\/\/www.mittelrhein-museum.de\">http:\/\/www.mittelrhein-museum.de<\/a><br>info@mittelrhein-museum.de<\/p>\n\n\n\n<p>Am 2. November 2022 konstituierte sich <br><strong>der Verwaltungsrat der Jacqueline Diffring Collection:<\/strong><br>Vorsitzender: Dr. Matthias von der Bank, Direktor des Mittelrhein-Museums Koblenz<br>Joachim Becker, Kurator, ehemaliger Leiter der Jacqueline Diffring Foundation<br>Dr. Margit Theis-Scholz, Kulturdezernentin<br>Sandra Henrich, Steueramt der Stadt Koblenz<br><\/p>\n\n\n\n<p>*****************************************<\/p>\n\n\n\n<p><strong>ehemals:<\/strong> Jacqueline Diffring Foundation<br>contact@diffringfoundation.com<br>Gr\u00fcndungsjahr: August 2007<br>Stifterin: Jacqueline Diffring<br>Treuh\u00e4nder und k\u00fcnstlerischer Leiter: Joachim Becker<\/p>\n\n\n\n<p><strong>Website copyright:<\/strong>  Mittelrhein-Museum Koblenz<\/p>\n","protected":false},"excerpt":{"rendered":"<p>Mittelrhein-Museum KoblenzJacqueline Diffring CollectionDirektor: Dr. Matthias von der BankZentralplatz 156068 Koblenzmatthias.vonderbank@stadt.koblenz.deTel. 0261 129-2501 Kontakt: Isabell WaldorfTel. 0261 129-2503Isabell.waldorf@stadt.koblenz.de http:\/\/www.mittelrhein-museum.deinfo@mittelrhein-museum.de Am[&#8230;]<\/p>\n","protected":false},"author":1,"featured_media":0,"parent":0,"menu_order":7,"comment_status":"closed","ping_status":"closed","template":"","meta":{"ngg_post_thumbnail":0,"footnotes":""},"class_list":["post-121","page","type-page","status-publish","hentry"],"_links":{"self":[{"href":"https:\/\/www.diffringfoundation.com\/index.php?rest_route=\/wp\/v2\/pages\/121","targetHints":{"allow":["GET"]}}],"collection":[{"href":"https:\/\/www.diffringfoundation.com\/index.php?rest_route=\/wp\/v2\/pages"}],"about":[{"href":"https:\/\/www.diffringfoundation.com\/index.php?rest_route=\/wp\/v2\/types\/page"}],"author":[{"embeddable":true,"href":"https:\/\/www.diffringfoundation.com\/index.php?rest_route=\/wp\/v2\/users\/1"}],"replies":[{"embeddable":true,"href":"https:\/\/www.diffringfoundation.com\/index.php?rest_route=%2Fwp%2Fv2%2Fcomments&post=121"}],"version-history":[{"count":5,"href":"https:\/\/www.diffringfoundation.com\/index.php?rest_route=\/wp\/v2\/pages\/121\/revisions"}],"predecessor-version":[{"id":603,"href":"https:\/\/www.diffringfoundation.com\/index.php?rest_route=\/wp\/v2\/pages\/121\/revisions\/603"}],"wp:attachment":[{"href":"https:\/\/www.diffringfoundation.com\/index.php?rest_route=%2Fwp%2Fv2%2Fmedia&parent=121"}],"curies":[{"name":"wp","href":"https:\/\/api.w.org\/{rel}","templated":true}]}}